{"id":14,"date":"2022-09-25T06:01:52","date_gmt":"2022-09-25T06:01:52","guid":{"rendered":"http:\/\/www1.autismus-burgenland.at\/?page_id=14"},"modified":"2025-01-21T11:21:25","modified_gmt":"2025-01-21T11:21:25","slug":"verein-autismus-burgenland","status":"publish","type":"page","link":"https:\/\/www.autismus-burgenland.at\/?page_id=14","title":{"rendered":"Verein Autismus Burgenland"},"content":{"rendered":"\n<p><\/p>\n\n\n\n<p class=\"has-text-align-center\">Der Verein Autismus Burgenland ist eine zentrale Anlaufstelle<br>f\u00fcr Menschen mit autistischer Wahrnehmung und<br>deren Angeh\u00f6rigen<\/p>\n\n\n\n<p class=\"has-text-align-center\">Der Verein wurde 2006 von Fachkr\u00e4ften gegr\u00fcndet. Die Mitglieder, die ausschlie\u00dflich f\u00fcr den Verein gemeinn\u00fctzig zur Verf\u00fcgung stehen, sind im gesamten Burgenland vertreten (siehe Teammitglieder). <\/p>\n\n\n\n<p class=\"has-text-align-center\">Seit Juni 2022 ist der Verein spendenbeg\u00fcnstigt, dies bedeutet, dass Unternehmen ihre Spende an den Verein absetzen k\u00f6nnen. <\/p>\n\n\n\n<hr class=\"wp-block-separator has-text-color has-cyan-bluish-gray-color has-alpha-channel-opacity has-cyan-bluish-gray-background-color has-background is-style-wide\"\/>\n\n\n\n<p class=\"has-text-align-center\" style=\"font-size:16px\">Unser aktueller Vorstand (seit Oktober 2021):<\/p>\n\n\n\n<p class=\"has-text-align-center\" style=\"font-size:16px\">Pr\u00e4sidentin: Mag.a Petra Ipsits-Lindner<\/p>\n\n\n\n<p class=\"has-text-align-center\" style=\"font-size:16px\">Stv. &#8211; Pr\u00e4sdentin: Mag.a Sylvia Gradinger-Drawitsch<\/p>\n\n\n\n<p class=\"has-text-align-center\" style=\"font-size:16px\">Kassier: Mag.a Sophie Reithofer<\/p>\n\n\n\n<p class=\"has-text-align-center\" style=\"font-size:16px\">Stv. &#8211; Kassier: Stefanie Kerst, BA pth.<\/p>\n\n\n\n<p class=\"has-text-align-center\" style=\"font-size:16px\">Schriftf\u00fchrerin: Mag.a Yvonne Scheibenreiter-Karner<\/p>\n\n\n\n<p class=\"has-text-align-center\" style=\"font-size:16px\">Stv. &#8211; Schriftf\u00fchrerin: Mag. Birgit Kager<\/p>\n\n\n\n<p class=\"has-text-align-center\"><\/p>\n\n\n\n<p><\/p>\n\n\n\n<p><\/p>\n","protected":false},"excerpt":{"rendered":"<p>Der Verein Autismus Burgenland ist eine zentrale Anlaufstellef\u00fcr Menschen mit autistischer Wahrnehmung undderen Angeh\u00f6rigen Der Verein wurde 2006 von Fachkr\u00e4ften gegr\u00fcndet. Die Mitglieder, die ausschlie\u00dflich &hellip; <\/p>\n","protected":false},"author":1,"featured_media":0,"parent":0,"menu_order":0,"comment_status":"closed","ping_status":"closed","template":"","meta":{"footnotes":""},"class_list":["post-14","page","type-page","status-publish","hentry","latest_post"],"_links":{"self":[{"href":"https:\/\/www.autismus-burgenland.at\/index.php?rest_route=\/wp\/v2\/pages\/14","targetHints":{"allow":["GET"]}}],"collection":[{"href":"https:\/\/www.autismus-burgenland.at\/index.php?rest_route=\/wp\/v2\/pages"}],"about":[{"href":"https:\/\/www.autismus-burgenland.at\/index.php?rest_route=\/wp\/v2\/types\/page"}],"author":[{"embeddable":true,"href":"https:\/\/www.autismus-burgenland.at\/index.php?rest_route=\/wp\/v2\/users\/1"}],"replies":[{"embeddable":true,"href":"https:\/\/www.autismus-burgenland.at\/index.php?rest_route=%2Fwp%2Fv2%2Fcomments&post=14"}],"version-history":[{"count":12,"href":"https:\/\/www.autismus-burgenland.at\/index.php?rest_route=\/wp\/v2\/pages\/14\/revisions"}],"predecessor-version":[{"id":394,"href":"https:\/\/www.autismus-burgenland.at\/index.php?rest_route=\/wp\/v2\/pages\/14\/revisions\/394"}],"wp:attachment":[{"href":"https:\/\/www.autismus-burgenland.at\/index.php?rest_route=%2Fwp%2Fv2%2Fmedia&parent=14"}],"curies":[{"name":"wp","href":"https:\/\/api.w.org\/{rel}","templated":true}]}}